{"id":48869,"date":"2023-09-06T11:30:19","date_gmt":"2023-09-06T09:30:19","guid":{"rendered":"https:\/\/motogpbeats.motogp.com\/aviso-legal\/"},"modified":"2024-10-11T12:46:14","modified_gmt":"2024-10-11T10:46:14","slug":"aviso-legal","status":"publish","type":"page","link":"https:\/\/motogpbeats.motogp.com\/es\/aviso-legal\/","title":{"rendered":"Aviso Legal"},"content":{"rendered":"\t\t<div data-elementor-type=\"wp-page\" data-elementor-id=\"48869\" class=\"elementor elementor-48869 elementor-147\" data-elementor-post-type=\"page\">\n\t\t\t\t\t\t<section class=\"elementor-section elementor-top-section elementor-element elementor-element-d1337b4 elementor-section-boxed elementor-section-height-default elementor-section-height-default\" data-id=\"d1337b4\" data-element_type=\"section\" data-settings=\"{&quot;background_background&quot;:&quot;classic&quot;}\">\n\t\t\t\t\t\t<div class=\"elementor-container elementor-column-gap-default\">\n\t\t\t\t\t<div class=\"elementor-column elementor-col-100 elementor-top-column elementor-element elementor-element-99ff7a0\" data-id=\"99ff7a0\" data-element_type=\"column\">\n\t\t\t<div class=\"elementor-widget-wrap elementor-element-populated\">\n\t\t\t\t\t\t<div class=\"elementor-element elementor-element-5d374ee elementor-widget elementor-widget-heading\" data-id=\"5d374ee\" data-element_type=\"widget\" data-widget_type=\"heading.default\">\n\t\t\t\t<div class=\"elementor-widget-container\">\n\t\t\t\t\t<h2 class=\"elementor-heading-title elementor-size-default\">Aviso Legal\n<\/h2>\t\t\t\t<\/div>\n\t\t\t\t<\/div>\n\t\t\t\t<div class=\"elementor-element elementor-element-8563384 elementor-widget elementor-widget-heading\" data-id=\"8563384\" data-element_type=\"widget\" data-widget_type=\"heading.default\">\n\t\t\t\t<div class=\"elementor-widget-container\">\n\t\t\t\t\t<h2 class=\"elementor-heading-title elementor-size-default\">PRIMERA.- TITULAR DE LA WEB\n<\/h2>\t\t\t\t<\/div>\n\t\t\t\t<\/div>\n\t\t\t\t<div class=\"elementor-element elementor-element-b994117 elementor-widget elementor-widget-text-editor\" data-id=\"b994117\" data-element_type=\"widget\" data-widget_type=\"text-editor.default\">\n\t\t\t\t<div class=\"elementor-widget-container\">\n\t\t\t\t\t\t\t\t\t<p><span style=\"font-weight: 400;\">El presente portal web pertenece a LIVE EXPERIENCE ETAL, S.L. con CIF B72538952, empresa inscrita en el registro mercantil de BARCELONA, en el Tomo 48479 , Folio 88, Hoja B 585295, inscripci\u00f3n 1 (5.10.2022) y con domicilio a efectos de dar cumplimiento al art. 10 de la Ley de los Servicios de la Sociedad de la Informaci\u00f3n y Comercio Electr\u00f3nico, en RAMBLA DE CATALUNYA, 2-4, 3\u00ba CP 08007 DE BARCELONA.<\/span><\/p>\n\t\t\t\t\t\t\t\t<\/div>\n\t\t\t\t<\/div>\n\t\t\t\t<div class=\"elementor-element elementor-element-cb326a8 elementor-widget elementor-widget-heading\" data-id=\"cb326a8\" data-element_type=\"widget\" data-widget_type=\"heading.default\">\n\t\t\t\t<div class=\"elementor-widget-container\">\n\t\t\t\t\t<h2 class=\"elementor-heading-title elementor-size-default\">SEGUNDA.- OBJETO DE LA WEB\n<\/h2>\t\t\t\t<\/div>\n\t\t\t\t<\/div>\n\t\t\t\t<div class=\"elementor-element elementor-element-e5291e8 elementor-widget elementor-widget-text-editor\" data-id=\"e5291e8\" data-element_type=\"widget\" data-widget_type=\"text-editor.default\">\n\t\t\t\t<div class=\"elementor-widget-container\">\n\t\t\t\t\t\t\t\t\t<p><span style=\"font-weight: 400;\">LIVE EXPERIENCE ETAL, S.L. pone a disposici\u00f3n del p\u00fablico (en adelante usuario), que acceda a www.motogpbeats.motogp.com (en adelante WEB), informaci\u00f3n y datos (en adelante CONTENIDOS y\/o SERVICIOS), mediante una web de car\u00e1cter informativa. Los CONTENIDOS de la web son proporcionados y creados por la propia empresa.<\/span><\/p>\n<p><span style=\"font-weight: 400;\">Por \u00faltimo, por la naturaleza propia de la Web, es posible que se modifiquen o incluyan cambios en el contenido de las presentes Condiciones, por ello cualquier usuario queda obligado a acceder a las presente Condiciones cada vez que acceda al Sitio Web, asumiendo que les ser\u00e1n de aplicaci\u00f3n las condiciones correspondientes que se encuentren vigentes en el momento de su acceso.<\/span><\/p>\n\t\t\t\t\t\t\t\t<\/div>\n\t\t\t\t<\/div>\n\t\t\t\t<div class=\"elementor-element elementor-element-401070d elementor-widget elementor-widget-heading\" data-id=\"401070d\" data-element_type=\"widget\" data-widget_type=\"heading.default\">\n\t\t\t\t<div class=\"elementor-widget-container\">\n\t\t\t\t\t<h2 class=\"elementor-heading-title elementor-size-default\">TERCERA.- ACCESO A LA WEB\n<\/h2>\t\t\t\t<\/div>\n\t\t\t\t<\/div>\n\t\t\t\t<div class=\"elementor-element elementor-element-554750b elementor-widget elementor-widget-text-editor\" data-id=\"554750b\" data-element_type=\"widget\" data-widget_type=\"text-editor.default\">\n\t\t\t\t<div class=\"elementor-widget-container\">\n\t\t\t\t\t\t\t\t\t<p><span style=\"font-weight: 400;\">El acceso a la web no requiere el registro previo de los usuarios. No obstante, para consultar determinados contenidos del Sitio Web as\u00ed como recibir los boletines de noticias, ser\u00e1 necesario el registro del Usuario utilizando el procedimiento oportuno.<\/span><\/p>\n<p><span style=\"font-weight: 400;\">En cualquier caso, los datos introducidos por el Usuario durante el proceso de registro deber\u00e1n ser exactos, actuales y veraces.<\/span><\/p>\n\t\t\t\t\t\t\t\t<\/div>\n\t\t\t\t<\/div>\n\t\t\t\t<div class=\"elementor-element elementor-element-4feaf09 elementor-widget elementor-widget-heading\" data-id=\"4feaf09\" data-element_type=\"widget\" data-widget_type=\"heading.default\">\n\t\t\t\t<div class=\"elementor-widget-container\">\n\t\t\t\t\t<h2 class=\"elementor-heading-title elementor-size-default\">CUARTA.- UTILIZACI\u00d3N CORRECTA DE LOS SERVICIOS\n<\/h2>\t\t\t\t<\/div>\n\t\t\t\t<\/div>\n\t\t\t\t<div class=\"elementor-element elementor-element-b9ada82 elementor-widget elementor-widget-text-editor\" data-id=\"b9ada82\" data-element_type=\"widget\" data-widget_type=\"text-editor.default\">\n\t\t\t\t<div class=\"elementor-widget-container\">\n\t\t\t\t\t\t\t\t\t<p><span style=\"font-weight: 400;\">El usuario se obliga a usar los Servicios de forma diligente, correcta y l\u00edcita y, en particular, a t\u00edtulo meramente enunciativo y no limitativo, queda terminantemente prohibido: utilizar los Servicios de forma, con fines o efectos contrarios a la ley, a la moral y a las buenas costumbres generalmente aceptadas o al orden p\u00fablico; reproducir o copiar, distribuir, permitir el acceso del p\u00fablico a trav\u00e9s de cualquier modalidad de comunicaci\u00f3n p\u00fablica, transformar o modificar los Servicios, a menos que se cuente con la autorizaci\u00f3n del titular de los correspondientes derechos o ello resulte legalmente permitido; realizar cualquier acto que pueda ser considerado una vulneraci\u00f3n de cualesquiera derechos de propiedad intelectual o industrial pertenecientes a LIVE EXPERIENCE ETAL, S.L. o a terceros; emplear los Servicios y, en particular, la informaci\u00f3n de cualquier clase obtenida a trav\u00e9s del Sitio Web para remitir publicidad, comunicaciones con fines de venta directa o con cualquier otra clase de finalidad comercial, mensajes no solicitados dirigidos a una pluralidad de personas con independencia de su finalidad, as\u00ed como de comercializar o divulgar de cualquier modo dicha informaci\u00f3n.<\/span><\/p>\n<\/p>\n<p><span style=\"font-weight: 400;\">Todo usuario menor de edad deber\u00e1 utilizar la Web bajo el consentimiento de su padre, madre o tutor legal, siendo estos los responsables de cualquier problema que pudiera acontecer en las compras y en el uso de los servicios de la misma.<\/span><\/p>\n<p><span style=\"font-weight: 400;\">Todo usuario menor de edad deber\u00e1 utilizar la Web bajo el consentimiento de su padre, madre o tutor legal, siendo estos los responsables de cualquier problema que pudiera acontecer en las compras y en el uso de los servicios de la misma.<\/span><\/p>\n<\/p>\n<p><span style=\"font-weight: 400;\">LIVE EXPERIENCE ETAL, S.L. velar\u00e1 en todo momento por el respeto del ordenamiento jur\u00eddico vigente, y estar\u00e1 legitimada para interrumpir, a su entera discreci\u00f3n, el Servicio o excluir al usuario del Sitio Web en caso de presunta comisi\u00f3n, de alguno de los delitos o faltas tipificados por el C\u00f3digo Penal vigente, o en caso de observar cualesquiera conductas que a juicio de LIVE EXPERIENCE ETAL, S. L. resulten contrarias a estas Condiciones Generales o puedan perturbar el buen funcionamiento, imagen, credibilidad y\/o prestigio de LIVE EXPERIENCE ETAL, S.L.<\/span><\/p>\n\t\t\t\t\t\t\t\t<\/div>\n\t\t\t\t<\/div>\n\t\t\t\t<div class=\"elementor-element elementor-element-fbc25a8 elementor-widget elementor-widget-heading\" data-id=\"fbc25a8\" data-element_type=\"widget\" data-widget_type=\"heading.default\">\n\t\t\t\t<div class=\"elementor-widget-container\">\n\t\t\t\t\t<h2 class=\"elementor-heading-title elementor-size-default\">QUINTA.- REGLAS DE CONDUCTA\n<\/h2>\t\t\t\t<\/div>\n\t\t\t\t<\/div>\n\t\t\t\t<div class=\"elementor-element elementor-element-9336380 elementor-widget elementor-widget-text-editor\" data-id=\"9336380\" data-element_type=\"widget\" data-widget_type=\"text-editor.default\">\n\t\t\t\t<div class=\"elementor-widget-container\">\n\t\t\t\t\t\t\t\t\t<p><span style=\"font-weight: 400;\">Los usuarios podr\u00e1n contactar con LIVE EXPERIENCE ETAL, S.L. e interactuar en determinadas secciones del portal web, bien a trav\u00e9s del Blog o compartiendo secciones en redes sociales, siempre y cuando respeten el presente c\u00f3digo de conducta:<\/span><\/p>\n<\/p>\n<p><span style=\"font-weight: 400;\">NING\u00daN USUARIO PODR\u00c1 HACERSE PASAR POR OTRA PERSONA U ORGANIZACI\u00d3N, en caso contrario puede incurrir en falta o delito seg\u00fan el C\u00f3digo Penal y el C\u00f3digo Civil Espa\u00f1ol.<\/span><\/p>\n<p><span style=\"font-weight: 400;\">NO SE PODR\u00c1 UTILIZAR UN LENGUAJE IRRESPETUOSO Y OFENSIVO. No son admisibles mensajes con amenazas, insultos graves o cualquier otro tipo de comentario que pueda herir la sensibilidad. En tal caso, LIVE EXPERIENCE ETAL, S.L. se reserva el derecho de retirar cualquier contenido que contravenga la presente condici\u00f3n y ejercitar las v\u00edas judiciales oportunas.<\/span><\/p>\n<p><span style=\"font-weight: 400;\">QUEDA TOTALMENTE PROHIBIDO presentar, citar y recomendar empresas, o portales web, y en general realizar acciones de marketing o spam. Ese tipo de contenidos ser\u00e1n eliminados junto con las cuentas que llevaron a cabo tal acci\u00f3n e incluso ponerlo en conocimiento de la Agencia Espa\u00f1ola de Protecci\u00f3n de Datos.<\/span><\/p>\n\t\t\t\t\t\t\t\t<\/div>\n\t\t\t\t<\/div>\n\t\t\t\t<div class=\"elementor-element elementor-element-dbbb7ee elementor-widget elementor-widget-heading\" data-id=\"dbbb7ee\" data-element_type=\"widget\" data-widget_type=\"heading.default\">\n\t\t\t\t<div class=\"elementor-widget-container\">\n\t\t\t\t\t<h2 class=\"elementor-heading-title elementor-size-default\">SEXTA.- DERECHOS DE PROPIEDAD<\/h2>\t\t\t\t<\/div>\n\t\t\t\t<\/div>\n\t\t\t\t<div class=\"elementor-element elementor-element-c23e73e elementor-widget elementor-widget-text-editor\" data-id=\"c23e73e\" data-element_type=\"widget\" data-widget_type=\"text-editor.default\">\n\t\t\t\t<div class=\"elementor-widget-container\">\n\t\t\t\t\t\t\t\t\t<p><span style=\"font-weight: 400;\">Todos los contenidos del Sitio Web, tales como textos, art\u00edculos de opini\u00f3n, gr\u00e1ficos, fotograf\u00edas, logotipos, iconos, im\u00e1genes, as\u00ed como el dise\u00f1o gr\u00e1fico, c\u00f3digo fuente y software, son de la exclusiva propiedad de LIVE EXPERIENCE ETAL, S.L. o de terceros, cuyos derechos al respecto ostenta leg\u00edtimamente LIVE EXPERIENCE ETAL, S.L., estando por lo tanto protegidos por la legislaci\u00f3n nacional e internacional.<\/span><\/p>\n<p><span style=\"font-weight: 400;\">Queda estrictamente prohibido la utilizaci\u00f3n de todos los elementos objeto de propiedad industrial e intelectual con fines comerciales as\u00ed como su distribuci\u00f3n, modificaci\u00f3n, alteraci\u00f3n o descompilaci\u00f3n.<\/span><\/p>\n\t\t\t\t\t\t\t\t<\/div>\n\t\t\t\t<\/div>\n\t\t\t\t<div class=\"elementor-element elementor-element-1face19 elementor-widget elementor-widget-heading\" data-id=\"1face19\" data-element_type=\"widget\" data-widget_type=\"heading.default\">\n\t\t\t\t<div class=\"elementor-widget-container\">\n\t\t\t\t\t<h2 class=\"elementor-heading-title elementor-size-default\">S\u00c9PTIMA.- EXCLUSI\u00d3N DE GARANT\u00cdAS Y DE RESPONSABILIDAD\n<\/h2>\t\t\t\t<\/div>\n\t\t\t\t<\/div>\n\t\t\t\t<div class=\"elementor-element elementor-element-2cf897c elementor-widget elementor-widget-text-editor\" data-id=\"2cf897c\" data-element_type=\"widget\" data-widget_type=\"text-editor.default\">\n\t\t\t\t<div class=\"elementor-widget-container\">\n\t\t\t\t\t\t\t\t\t<p><span style=\"font-weight: 400;\">LIVE EXPERIENCE ETAL, S.L. se reserva el derecho a interrumpir el acceso a los servicios en cualquier momento y sin previo aviso, ya sea por motivos t\u00e9cnicos, de seguridad, de control, de mantenimiento, por fallos de suministro el\u00e9ctrico o por cualquier otra causa justificada.<\/span><\/p>\n<p><span style=\"font-weight: 400;\">En consecuencia, LIVE EXPERIENCE ETAL, S.L. no garantiza la fiabilidad, la disponibilidad ni la continuidad de la Web ni de los Servicios, por lo que la utilizaci\u00f3n de los mismos por parte de los usuarios se lleva a cabo por su propia cuenta y riesgo, sin que, en ning\u00fan momento, puedan exigirse responsabilidades a LIVE EXPERIENCE ETAL, S.L. en este sentido.<\/span><\/p>\n<p><span style=\"font-weight: 400;\">Adem\u00e1s LIVE EXPERIENCE ETAL, S.L. no asume responsabilidad alguna derivada, a t\u00edtulo enunciativo pero no limitativo:<\/span><\/p>\n<p><span style=\"font-weight: 400;\">De la utilizaci\u00f3n que los usuarios hagan de los materiales dispuestos en la web, ya sean prohibidos o permitidos, en infracci\u00f3n de los derechos de propiedad intelectual y\/o industrial de contenidos de la propia web o de los portales de terceros.<\/span><\/p>\n<p><span style=\"font-weight: 400;\">De los eventuales da\u00f1os y perjuicios a los usuarios causados por un funcionamiento normal o anormal de las herramientas de b\u00fasqueda, de la organizaci\u00f3n o la localizaci\u00f3n de los contenidos y\/o acceso a los servicios y, en general, de los errores o problemas que se generen en el desarrollo o instrumentaci\u00f3n de los elementos t\u00e9cnicos que forman el servicio.<\/span><\/p>\n<p><span style=\"font-weight: 400;\">De los contenidos de aquellas p\u00e1ginas a las que los usuarios puedan acceder desde enlaces incluidos en la web.<\/span><\/p>\n<p><span style=\"font-weight: 400;\">De los actos u omisiones de terceros, con independencia de que estos terceros pudiesen estar unidos a LIVE EXPERIENCE ETAL, S.L. mediante v\u00eda contractual.<\/span><\/p>\n<\/p>\n<p><span style=\"font-weight: 400;\">De igual modo, LIVE EXPERIENCE ETAL, S.L. excluye cualquier responsabilidad por los da\u00f1os y perjuicios de toda clase que puedan deberse a la presencia de virus o a la presencia de otros elementos lesivos en los contenidos que puedan producir alteraci\u00f3n en los sistemas inform\u00e1ticos as\u00ed como en los documentos o sistemas almacenados en los mismos, por lo que LIVE EXPERIENCE ETAL, S.L. no ser\u00e1 responsable en ning\u00fan caso cuando se produzcan:<\/span><\/p>\n<p><span style=\"font-weight: 400;\">Errores o retrasos en el acceso a los servicios por parte del usuario a la hora de introducir sus datos en el formulario correspondiente o cualquier anomal\u00eda que pueda surgir cuando estas incidencias sean debidas a problemas en la red Internet, causas de caso fortuito o fuerza mayor y cualquier otra contingencia imprevisible ajena a la buena fe de LIVE EXPERIENCE ETAL, S.L.<\/span><\/p>\n<p><span style=\"font-weight: 400;\">Fallos o incidencias que pudieran producirse en las comunicaciones, borrado o transmisiones incompletas, de manera que no se garantiza que los servicios del sitio web est\u00e9n constantemente operativos.<\/span><\/p>\n<\/p>\n<p><span style=\"font-weight: 400;\">De los errores o da\u00f1os producidos al sitio web por un uso del servicio ineficiente y de mala fe por parte del usuario.<\/span><\/p>\n<p><span style=\"font-weight: 400;\">De la no operatividad o problemas en la direcci\u00f3n de email facilitada por el usuario para el env\u00edo de la informaci\u00f3n solicitada.<\/span><\/p>\n<p><span style=\"font-weight: 400;\">En todo caso, LIVE EXPERIENCE ETAL, S.L. se compromete a solucionar los problemas que puedan surgir y a ofrecer todo el apoyo necesario al usuario para llegar a una soluci\u00f3n r\u00e1pida y satisfactoria de la incidencia<\/span><\/p>\n\t\t\t\t\t\t\t\t<\/div>\n\t\t\t\t<\/div>\n\t\t\t\t<div class=\"elementor-element elementor-element-6e57017 elementor-widget elementor-widget-heading\" data-id=\"6e57017\" data-element_type=\"widget\" data-widget_type=\"heading.default\">\n\t\t\t\t<div class=\"elementor-widget-container\">\n\t\t\t\t\t<h2 class=\"elementor-heading-title elementor-size-default\">OCTAVA.- ENLACES A OTROS SITIOS WEB\n<\/h2>\t\t\t\t<\/div>\n\t\t\t\t<\/div>\n\t\t\t\t<div class=\"elementor-element elementor-element-24e4f93 elementor-widget elementor-widget-text-editor\" data-id=\"24e4f93\" data-element_type=\"widget\" data-widget_type=\"text-editor.default\">\n\t\t\t\t<div class=\"elementor-widget-container\">\n\t\t\t\t\t\t\t\t\t<p><span style=\"font-weight: 400;\">LIVE EXPERIENCE ETAL, S.L. no garantiza ni asume ning\u00fan tipo de responsabilidad por los da\u00f1os y perjuicios sufridos por el acceso al Servicios\/contenido de terceros a trav\u00e9s de conexiones, v\u00ednculos o links de los sitios enlazados ni sobre la exactitud o fiabilidad de los mismos. La funci\u00f3n de los enlaces que aparecen en LIVE EXPERIENCE ETAL, S.L. es exclusivamente la de informar al usuario sobre la existencia de otras fuentes de informaci\u00f3n en Internet, donde podr\u00e1 ampliar los Servicios ofrecidos por el Portal. LIVE EXPERIENCE ETAL, S.L. no ser\u00e1 en ning\u00fan caso responsable del resultado obtenido a trav\u00e9s de dichos enlaces o de las consecuencias que se deriven del acceso por los usuarios a los mismos. Estos Servicios de terceros son proporcionados por \u00e9stos, por lo que LIVE EXPERIENCE ETAL, S.L. no puede controlar y no controla la licitud de los Servicios ni su calidad. En consecuencia, el usuario debe extremar la prudencia en la valoraci\u00f3n y utilizaci\u00f3n de la informaci\u00f3n y servicios existentes en los contenidos de terceros.<\/span><\/p>\n<\/p>\n<p><span style=\"font-weight: 400;\">Queda expresamente prohibida la introducci\u00f3n de hiperenlaces con fines mercantiles en p\u00e1ginas web ajenas a LIVE EXPERIENCE ETAL, S.L. que permitan el acceso al presente portal web sin consentimiento expreso de LIVE EXPERIENCE ETAL, S.L. En todo caso, la existencia de hiperenlaces en sitios web ajenos a la empresa, no implicar\u00e1 en ning\u00fan caso la existencia de relaciones comerciales o mercantiles con el titular de la p\u00e1gina web donde se establezca el hiperenlace, ni la aceptaci\u00f3n por parte de LIVE EXPERIENCE ETAL, S.L.<\/span><\/p>\n\t\t\t\t\t\t\t\t<\/div>\n\t\t\t\t<\/div>\n\t\t\t\t<div class=\"elementor-element elementor-element-c968fff elementor-widget elementor-widget-heading\" data-id=\"c968fff\" data-element_type=\"widget\" data-widget_type=\"heading.default\">\n\t\t\t\t<div class=\"elementor-widget-container\">\n\t\t\t\t\t<h2 class=\"elementor-heading-title elementor-size-default\">NOVENA.- TRATAMIENTO DE DATOS Y UTILIZACI\u00d3N DE COOKIES\n<\/h2>\t\t\t\t<\/div>\n\t\t\t\t<\/div>\n\t\t\t\t<div class=\"elementor-element elementor-element-fd95446 elementor-widget elementor-widget-text-editor\" data-id=\"fd95446\" data-element_type=\"widget\" data-widget_type=\"text-editor.default\">\n\t\t\t\t<div class=\"elementor-widget-container\">\n\t\t\t\t\t\t\t\t\t<p><span style=\"font-weight: 400;\">De acuerdo con de lo dispuesto en la Ley Org\u00e1nica 3\/2018 de 5 de diciembre, de Protecci\u00f3n de Datos Personales y Garant\u00eda de los Derechos Digitales y el Reglamento General de Protecci\u00f3n de Datos Personales 2016\/679 del Parlamento Europeo y del Consejo, le informamos de que los datos personales que nos facilite a trav\u00e9s de nuestro sitio web o mediante env\u00edos de correos electr\u00f3nicos, ser\u00e1n incorporados a los ficheros y tratamientos de LIVE EXPERIENCE ETAL, S.L. para las finalidades descritas en la pol\u00edtica de privacidad, la cual debe ser le\u00edda, comprendida y aceptada para la utilizaci\u00f3n del presente portal web.<\/span><\/p>\n<\/p>\n<p><span style=\"font-weight: 400;\">LIVE EXPERIENCE ETAL, S.L. se compromete al cumplimiento de la obligaci\u00f3n de secreto de los datos de car\u00e1cter personal, por ello ha adoptado las medidas necesarias para evitar su alteraci\u00f3n, p\u00e9rdida, tratamiento o acceso no autorizado, habida cuenta en todo momento del estado de la tecnolog\u00eda.<\/span><\/p>\n<p><span style=\"font-weight: 400;\">En los formularios que recaben datos personales, cada usuario ser\u00e1 informado sobre las finalidades para que se recaben los datos. El usuario responder\u00e1, en cualquier caso, de la veracidad de los datos facilitados.<\/span><\/p>\n<\/p>\n<p><span style=\"font-weight: 400;\">Por otra parte, LIVE EXPERIENCE ETAL, S.L. le informa que por visitar el presente portal web no queda registrado de forma autom\u00e1tica ning\u00fan dato de car\u00e1cter personal que identifique a un Usuario, en cambio existe determinada informaci\u00f3n de car\u00e1cter no personal y no identificable con un Usuario concreto que se recoge durante la sesi\u00f3n en directo para a trav\u00e9s de dispositivos denominados \u201ccookies\u201d que nos permiten obtener informaci\u00f3n estad\u00edstica sobre el uso del portal web para luego poder realizar mejoras. Todo usuario debe consultar nuestra pol\u00edtica de cookies para navegar por la web.<\/span><\/p>\n<p><span style=\"font-weight: 400;\">En cualquier caso, todos los usuarios tienen derecho a ejercitar, en cualquier momento, los derechos de acceso, rectificaci\u00f3n, limitaci\u00f3n del tratamiento, supresi\u00f3n, oposici\u00f3n y portabilidad de datos que le asisten, mediante escrito dirigido a LIVE EXPERIENCE ETAL, S.L. en la direcci\u00f3n electr\u00f3nica jordijoan@wearensn.com. En el caso de que considere, puede presentar una reclamaci\u00f3n ante la Agencia Espa\u00f1ola de Protecci\u00f3n de Datos.<\/span><\/p>\n\t\t\t\t\t\t\t\t<\/div>\n\t\t\t\t<\/div>\n\t\t\t\t<div class=\"elementor-element elementor-element-8a7b355 elementor-widget elementor-widget-heading\" data-id=\"8a7b355\" data-element_type=\"widget\" data-widget_type=\"heading.default\">\n\t\t\t\t<div class=\"elementor-widget-container\">\n\t\t\t\t\t<h2 class=\"elementor-heading-title elementor-size-default\">D\u00c9CIMA.- LEY APLICABLE Y JURISDICCI\u00d3N\n<\/h2>\t\t\t\t<\/div>\n\t\t\t\t<\/div>\n\t\t\t\t<div class=\"elementor-element elementor-element-fd3fac7 elementor-widget elementor-widget-text-editor\" data-id=\"fd3fac7\" data-element_type=\"widget\" data-widget_type=\"text-editor.default\">\n\t\t\t\t<div class=\"elementor-widget-container\">\n\t\t\t\t\t\t\t\t\t<p><span style=\"font-weight: 400;\">Para cuantas cuestiones interpretativas o litigiosas que pudieran plantearse ser\u00e1 de aplicaci\u00f3n la legislaci\u00f3n espa\u00f1ola y en caso de controversia, ambas partes acuerdan someterse, con renuncia a cualquier otro fuero que pudiera corresponderle, a la jurisdicci\u00f3n de los Juzgados y Tribunales de la ciudad de Barcelona (Espa\u00f1a).<\/span><\/p>\n\t\t\t\t\t\t\t\t<\/div>\n\t\t\t\t<\/div>\n\t\t\t\t\t<\/div>\n\t\t<\/div>\n\t\t\t\t\t<\/div>\n\t\t<\/section>\n\t\t\t\t<\/div>\n\t\t","protected":false},"excerpt":{"rendered":"<p>Aviso Legal PRIMERA.- TITULAR DE LA WEB El presente portal web pertenece a LIVE EXPERIENCE ETAL, S.L. con CIF B72538952, empresa inscrita en el registro mercantil de BARCELONA, en el Tomo 48479 , Folio 88, Hoja B 585295, inscripci\u00f3n 1 (5.10.2022) y con domicilio a efectos de dar cumplimiento al art. 10 de la Ley [&hellip;]<\/p>\n","protected":false},"author":1,"featured_media":0,"parent":0,"menu_order":0,"comment_status":"closed","ping_status":"closed","template":"elementor_header_footer","meta":{"footnotes":""},"class_list":["post-48869","page","type-page","status-publish","hentry"],"_links":{"self":[{"href":"https:\/\/motogpbeats.motogp.com\/es\/wp-json\/wp\/v2\/pages\/48869","targetHints":{"allow":["GET"]}}],"collection":[{"href":"https:\/\/motogpbeats.motogp.com\/es\/wp-json\/wp\/v2\/pages"}],"about":[{"href":"https:\/\/motogpbeats.motogp.com\/es\/wp-json\/wp\/v2\/types\/page"}],"author":[{"embeddable":true,"href":"https:\/\/motogpbeats.motogp.com\/es\/wp-json\/wp\/v2\/users\/1"}],"replies":[{"embeddable":true,"href":"https:\/\/motogpbeats.motogp.com\/es\/wp-json\/wp\/v2\/comments?post=48869"}],"version-history":[{"count":6,"href":"https:\/\/motogpbeats.motogp.com\/es\/wp-json\/wp\/v2\/pages\/48869\/revisions"}],"predecessor-version":[{"id":49611,"href":"https:\/\/motogpbeats.motogp.com\/es\/wp-json\/wp\/v2\/pages\/48869\/revisions\/49611"}],"wp:attachment":[{"href":"https:\/\/motogpbeats.motogp.com\/es\/wp-json\/wp\/v2\/media?parent=48869"}],"curies":[{"name":"wp","href":"https:\/\/api.w.org\/{rel}","templated":true}]}}