{"id":48880,"date":"2023-09-06T11:36:47","date_gmt":"2023-09-06T09:36:47","guid":{"rendered":"https:\/\/motogpbeats.motogp.com\/politica-de-cookies\/"},"modified":"2025-04-04T10:17:03","modified_gmt":"2025-04-04T08:17:03","slug":"politica-de-cookies","status":"publish","type":"page","link":"https:\/\/motogpbeats.motogp.com\/es\/politica-de-cookies\/","title":{"rendered":"Pol\u00edtica de Cookies"},"content":{"rendered":"\t\t<div data-elementor-type=\"wp-page\" data-elementor-id=\"48880\" class=\"elementor elementor-48880 elementor-166\" data-elementor-post-type=\"page\">\n\t\t\t\t\t\t<section class=\"elementor-section elementor-top-section elementor-element elementor-element-2d7bc2a elementor-section-boxed elementor-section-height-default elementor-section-height-default\" data-id=\"2d7bc2a\" data-element_type=\"section\" data-settings=\"{&quot;background_background&quot;:&quot;classic&quot;}\">\n\t\t\t\t\t\t<div class=\"elementor-container elementor-column-gap-default\">\n\t\t\t\t\t<div class=\"elementor-column elementor-col-100 elementor-top-column elementor-element elementor-element-0686c2d\" data-id=\"0686c2d\" data-element_type=\"column\">\n\t\t\t<div class=\"elementor-widget-wrap elementor-element-populated\">\n\t\t\t\t\t\t<div class=\"elementor-element elementor-element-01a720b elementor-widget elementor-widget-heading\" data-id=\"01a720b\" data-element_type=\"widget\" data-widget_type=\"heading.default\">\n\t\t\t\t<div class=\"elementor-widget-container\">\n\t\t\t\t\t<h2 class=\"elementor-heading-title elementor-size-default\">Pol\u00edtica de cookies\n<\/h2>\t\t\t\t<\/div>\n\t\t\t\t<\/div>\n\t\t\t\t<div class=\"elementor-element elementor-element-84c6c16 elementor-widget elementor-widget-text-editor\" data-id=\"84c6c16\" data-element_type=\"widget\" data-widget_type=\"text-editor.default\">\n\t\t\t\t<div class=\"elementor-widget-container\">\n\t\t\t\t\t\t\t\t\t<p><span style=\"font-weight: 400;\">Una Cookie es un fichero que se descarga en su ordenador al acceder a determinadas p\u00e1ginas web. Las cookies permiten a una p\u00e1gina web, entre otras cosas, almacenar y recuperar informaci\u00f3n sobre los h\u00e1bitos de navegaci\u00f3n de un usuario o de su equipo y, dependiendo de la informaci\u00f3n que contenga y de la forma en que utilice su equipo, pueden utilizarse para reconocer al usuario. Las cookies son esenciales para el funcionamiento de internet, aportando innumerables ventajas en la prestaci\u00f3n de servicios interactivos, facilitando la navegaci\u00f3n y usabilidad de nuestra web.<\/span><\/p>\n\t\t\t\t\t\t\t\t<\/div>\n\t\t\t\t<\/div>\n\t\t\t\t<div class=\"elementor-element elementor-element-be37a2d elementor-widget elementor-widget-text-editor\" data-id=\"be37a2d\" data-element_type=\"widget\" data-widget_type=\"text-editor.default\">\n\t\t\t\t<div class=\"elementor-widget-container\">\n\t\t\t\t\t\t\t\t\t<p><span style=\"font-weight: 400;\">La informaci\u00f3n que le proporcionamos a continuaci\u00f3n, le ayudar\u00e1 a comprender los diferentes tipos de cookies:<\/span><\/p>\n<p><span style=\"font-weight: 400;\">SEG\u00daN LA ENTIDAD QUE LAS GESTIONE<\/span><\/p>\n<p><span style=\"font-weight: 400;\">Cookies propias<\/span><\/p>\n<p><span style=\"font-weight: 400;\">Son aquellas que se recaban por el propio editor para prestar el servicio solicitado por el usuario.<\/span><\/p>\n<p><span style=\"font-weight: 400;\">Cookies de terceros<\/span><\/p>\n<p><span style=\"font-weight: 400;\">Son aquellas que son recabadas y gestionadas por un tercero, estas no se pueden considerar propias.<\/span><\/p>\n<p><span style=\"font-weight: 400;\">SEG\u00daN EL PLAZO DE TIEMPO QUE PERMANEZCAN ACTIVADAS<\/span><\/p>\n<p><span style=\"font-weight: 400;\">Cookies de sesi\u00f3n<\/span><\/p>\n<p><span style=\"font-weight: 400;\">Recaban datos mientras el usuario navega por la red con la finalidad de prestar el servicio solicitado.<\/span><\/p>\n<p><span style=\"font-weight: 400;\">Cookies persistentes<\/span><\/p>\n<p><span style=\"font-weight: 400;\">Se almacenan en el terminal y la informaci\u00f3n obtenida, ser\u00e1 utilizada por el responsable de la cookie con la finalidad de prestar el servicio solicitado.<\/span><\/p>\n<p><span style=\"font-weight: 400;\">SEG\u00daN SU FINALIDAD<\/span><\/p>\n<p><span style=\"font-weight: 400;\">Cookies t\u00e9cnicas<\/span><\/p>\n<p><span style=\"font-weight: 400;\">Son las necesarias para la correcta navegaci\u00f3n por la web<\/span><\/p>\n<p><span style=\"font-weight: 400;\">Cookies de personalizaci\u00f3n<\/span><\/p>\n<p><span style=\"font-weight: 400;\">Permiten al usuario las caracter\u00edsticas (idioma) para la navegaci\u00f3n por la website<\/span><\/p>\n<p><span style=\"font-weight: 400;\">Cookies de an\u00e1lisis<\/span><\/p>\n<p><span style=\"font-weight: 400;\">Permiten al prestador el an\u00e1lisis vinculado a la navegaci\u00f3n realizada por el usuario, con la finalidad de llevar un seguimiento de uso de la p\u00e1gina web, as\u00ed como realizar estad\u00edsticas de los contenidos m\u00e1s visitados, n\u00famero de visitantes, etc.<\/span><\/p>\n<p><span style=\"font-weight: 400;\">Cookies publicitarias<\/span><\/p>\n<p><span style=\"font-weight: 400;\">Permiten al editor incluir en la web, espacios publicitarios, seg\u00fan el contenido de la propia web.<\/span><\/p>\n<p><span style=\"font-weight: 400;\">Cookies de publicidad comportamental<\/span><\/p>\n<p><span style=\"font-weight: 400;\">Permiten al editor incluir en la p\u00e1gina web espacios publicitarios seg\u00fan la informaci\u00f3n obtenida a trav\u00e9s de los h\u00e1bitos de navegaci\u00f3n del usuario.<\/span><\/p>\n<p><span style=\"font-weight: 400;\">Seg\u00fan lo dispuesto en el art\u00edculo 22.2 de la Ley 34\/2002, de 11 de julio, de Servicios de la Sociedad de la Informaci\u00f3n y de Comercio Electr\u00f3nico (LSSI-CE), LIVE EXPERIENCE ETAL, S.L. informa de las cookies utilizadas en nuestra website:<\/span><\/p>\n<p><span style=\"font-weight: 400;\">Cookies propias | Cookies de tercero, Cookies persistentes<\/span><\/p>\n<p><span style=\"font-weight: 400;\">Cookies t\u00e9cnicas | Cookies de tercero, Cookies persistentes<\/span><\/p>\n<p><span style=\"font-weight: 400;\">Cookies de personalizaci\u00f3n | Cookies de tercero, Cookies persistentes<\/span><\/p>\n<p><span style=\"font-weight: 400;\">Cookies de an\u00e1lisis | Cookies de tercero, Cookies persistentes<\/span><\/p>\n<p><span style=\"font-weight: 400;\">Cookies publicitarias | Cookies de tercero, Cookies persistentes<\/span><\/p>\n<p><span style=\"font-weight: 400;\">Cookies de publicidad comportamental | Cookies de tercero, Cookies persistentes<\/span><\/p>\n<p><span style=\"font-weight: 400;\">Google Analytics<\/span><\/p>\n<p><span style=\"font-weight: 400;\">Almacena cookies para poder elaborar estad\u00edsticas sobre el tr\u00e1fico y volumen de visitas de esta web. Al utilizar este sitio web est\u00e1 consintiendo el tratamiento de informaci\u00f3n acerca de usted por Google. Por tanto, el ejercicio de cualquier derecho en este sentido deber\u00e1 hacerlo comunicando directamente con Google. Las cookies de Google Analytics, se almacenan en servidores ubicados en Estados Unidos y se compromete a no compartirla con terceros, excepto en los casos en los que sea necesario para el funcionamiento del sistema o cuando la ley obligue a tal efecto. Seg\u00fan Google no guarda su direcci\u00f3n IP.<\/span><\/p>\n<p><span style=\"font-weight: 400;\">Google Inc. es una compa\u00f1\u00eda adherida a \u201cPrivacy Shiels\u201d (escudo de privacidad) que garantiza que todos los datos transferidos ser\u00e1n tratados con un nivel de protecci\u00f3n acorde a la normativa europea. Puede consultar informaci\u00f3n detallada a este respecto a trav\u00e9s del siguiente enlace: https:\/\/support.google.com\/analytics\/answer\/6004245 . Si lo desea puede utilizar el Complemento de inhabilitaci\u00f3n para navegadores de Google Analytics a trav\u00e9s de cuyas instrucciones pueden rechazarse las cookies anal\u00edticas de dicho servicio en todos los navegadores. Puede consultar m\u00e1s informaci\u00f3n al respecto en el siguiente enlace: https:\/\/tools.google.com\/dlpage\/gaoptout<\/span><\/p>\n<p><span style=\"font-weight: 400;\">Asimismo, LIVE EXPERIENCE ETAL, S.L. informa al usuario de que tiene la posibilidad de configurar su navegador de modo que se le informe de la recepci\u00f3n de cookies, pudiendo, si as\u00ed lo desea, impedir que sean instaladas en su disco duro. A continuaci\u00f3n le proporcionamos los enlaces de diversos navegadores, a trav\u00e9s de los cuales podr\u00e1 realizar dicha configuraci\u00f3n:<\/span><\/p>\n<p><span style=\"font-weight: 400;\">Firefox desde <\/span><a href=\"http:\/\/support.mozilla.org\/es\/kb\/habilitar-y-deshabilitar-cookies-que-los-%C2%A0sitios-we\"><span style=\"font-weight: 400;\">HERE<\/span><span style=\"font-weight: 400;\"><br \/><\/span><\/a> <span style=\"font-weight: 400;\">Chrome desde <\/span><a href=\"http:\/\/support.google.com\/chrome\/bin\/answer.py?hl=es&amp;answer=95647\"><span style=\"font-weight: 400;\">HERE<\/span><span style=\"font-weight: 400;\"><br \/><\/span><\/a> <span style=\"font-weight: 400;\">Explorer desde <\/span><a href=\"http:\/\/windows.microsoft.com\/es-es\/internet-explorer\/delete-manage-%C2%A0cookies#ie=ie-10\"><span style=\"font-weight: 400;\">HERE<\/span><span style=\"font-weight: 400;\"><br \/><\/span><\/a><span style=\"font-weight: 400;\">Safari desde <\/span><a href=\"http:\/\/support.apple.com\/kb\/ph5042\"><span style=\"font-weight: 400;\">HERE<\/span><span style=\"font-weight: 400;\"><br \/><\/span><\/a><span style=\"font-weight: 400;\">Opera desde<\/span><a href=\"http:\/\/help.opera.com\/Windows\/11.50\/es-ES\/cookies.html\"><span style=\"font-weight: 400;\">aqu\u00ed<\/span><\/a><\/p>\n<p><span style=\"font-weight: 400;\">POL\u00cdTICA DE PRIVACIDAD REDES SOCIALES<\/span><\/p>\n<p><span style=\"font-weight: 400;\">De conformidad con lo establecido en la normativa vigente en Protecci\u00f3n de Datos de Car\u00e1cter Personal (RGPD) y la Ley 34\/2002, de 11 de julio, de Servicios de la Sociedad de la Informaci\u00f3n y de Comercio Electr\u00f3nico (LSSI-CE), LIVE EXPERIENCE ETAL, S.L. informa a los usuarios, que ha procedido a crear un perfil en las Redes Sociales Facebook, Twitter, Instagram, Linkedin y Google +, con la finalidad principal de publicitar sus productos y servicios.<\/span><\/p>\n<p><span style=\"font-weight: 400;\">Datos de LIVE EXPERIENCE ETAL, S.L.:<\/span><\/p>\n<p><span style=\"font-weight: 400;\">NIF: B72538952<\/span><\/p>\n<p><span style=\"font-weight: 400;\">DIRECCI\u00d3N: V\u00eda Augusta, 17, principal, 08006, Barcelona<\/span><\/p>\n<p><span style=\"font-weight: 400;\">CORREO ELECTR\u00d3NICO: jordidoan@wearensn.com<\/span><\/p>\n<p><span style=\"font-weight: 400;\">DOMINIO WEB: www.motogpbeats.motogp.com<\/span><\/p>\n<p><span style=\"font-weight: 400;\">El usuario dispone de un perfil en la misma Red Social y ha decidido unirse a la p\u00e1gina creada por LIVE EXPERIENCE ETAL, S.L., mostrando as\u00ed inter\u00e9s en la informaci\u00f3n que se publicite en la Red. Al unirse a nuestra p\u00e1gina, nos facilita su consentimiento para el tratamiento de aquellos datos personales publicados en su perfil.<\/span><\/p>\n<p><span style=\"font-weight: 400;\">El usuario puede acceder en todo momento a las pol\u00edticas de privacidad de la propia Red Social, as\u00ed como configurar su perfil para garantizar su privacidad. LIVE EXPERIENCE ETAL SL, por su parte, cumple con todos los t\u00e9rminos y condiciones de aquellas redes sociales en las que tiene creado un perfil.<\/span><\/p>\n<p><span style=\"font-weight: 400;\">LIVE EXPERIENCE ETAL, S.L. tiene acceso y trata aquella informaci\u00f3n p\u00fablica del usuario, en especial, su nombre de contacto. Estos datos, s\u00f3lo son utilizados dentro de la propia Red Social. No son incorporados a ning\u00fan sistema de tratamiento.<\/span><\/p>\n<p><span style=\"font-weight: 400;\">En relaci\u00f3n a los derechos de acceso, rectificaci\u00f3n, limitaci\u00f3n de tratamiento, supresi\u00f3n, portabilidad y oposici\u00f3n al tratamiento de sus datos de car\u00e1cter personal de los que usted dispone y que pueden ser ejercitados ante LIVE EXPERIENCE ETAL, S.L., de acuerdo con la RGPD, debe tener en cuenta los siguientes matices:<\/span><\/p>\n<p><span style=\"font-weight: 400;\">Derecho de Acceso: Es el derecho del usuario a obtener informaci\u00f3n sobre sus datos concretos de car\u00e1cter personal y del tratamiento que se haya realizado o realice, as\u00ed como de la informaci\u00f3n disponible sobre el origen de dichos datos y las comunicaciones realizadas o previstas de los mismos.<\/span><span style=\"color: var( --e-global-color-text ); font-family: var( --e-global-typography-text-font-family ), Sans-serif; background-color: var( --e-global-color-secondary ); font-size: 1rem;\"> <\/span><\/p>\n<p><span style=\"font-weight: 400;\">Derecho de Rectificaci\u00f3n: Es el derecho del afectado a que se modifiquen los datos que resulten ser inexactos o incompletos. S\u00f3lo podr\u00e1 satisfacerse en relaci\u00f3n a aquella informaci\u00f3n que se encuentre bajo el control de LIVE EXPERIENCE ETAL, S.L., por ejemplo, eliminar comentarios publicados en la propia p\u00e1gina, im\u00e1genes o contenidos web donde consten datos de car\u00e1cter personal del usuario.<\/span><\/p>\n<p><span style=\"font-weight: 400;\">Derecho a la Limitaci\u00f3n de tratamiento: Es el derecho a que se limiten los fines del tratamiento previstos de forma original por el responsable del tratamiento.<\/span><\/p>\n<p><span style=\"font-weight: 400;\"> <\/span><span style=\"color: var( --e-global-color-text ); font-family: var( --e-global-typography-text-font-family ), Sans-serif; background-color: var( --e-global-color-secondary ); font-size: 1rem;\">Derecho de Supresi\u00f3n: Es el derecho a suprimir los datos de car\u00e1cter personal del usuario, a excepci\u00f3n de lo previsto en el propio RGPD o en otras normativas aplicables que determinen la obligatoriedad de la conservaci\u00f3n de los mismos, en tiempo y forma.<\/span><\/p>\n<p><span style=\"font-weight: 400;\">Derecho de portabilidad: El derecho a recibir los datos personales que el usuario haya facilitado, en un formato estructurado, de uso com\u00fan y lectura mec\u00e1nica, y a transmitirlos a otro responsable.<\/span><\/p>\n<p><span style=\"font-weight: 400;\">Derecho de Oposici\u00f3n: Es el derecho del usuario a que no se lleve a cabo el tratamiento de sus datos de car\u00e1cter personal o se cese el tratamiento de los mismos por parte de LIVE EXPERIENCE ETAL, S.L.<\/span><\/p>\n<p><span style=\"font-weight: 400;\">LIVE EXPERIENCE ETAL, S.L. realizar\u00e1 las siguientes actuaciones:<\/span><\/p>\n<p><span style=\"font-weight: 400;\">Acceso a la informaci\u00f3n p\u00fablica del perfil.<\/span><\/p>\n<p><span style=\"font-weight: 400;\">Publicaci\u00f3n en el perfil del usuario de toda aquella informaci\u00f3n ya publicada en la p\u00e1gina de LIVE EXPERIENCE ETAL, S.L.<\/span><\/p>\n<p><span style=\"font-weight: 400;\">Enviar mensajes personales e individuales a trav\u00e9s de los canales de la Red Social.<\/span><\/p>\n<p><span style=\"font-weight: 400;\">Actualizaciones del estado de la p\u00e1gina que se publicar\u00e1n en el perfil del usuario.<\/span><\/p>\n<p><span style=\"font-weight: 400;\">El usuario siempre puede controlar sus conexiones, eliminar los contenidos que dejen de interesarle y restringir con qui\u00e9n comparte sus conexiones, para ello deber\u00e1 acceder a su configuraci\u00f3n de privacidad.<\/span><\/p>\n<p><span style=\"font-weight: 400;\"> <\/span><\/p>\n<p><span style=\"font-weight: 400;\">Publicaciones<\/span><\/p>\n<p><span style=\"font-weight: 400;\">El usuario, una vez unido a la p\u00e1gina de LIVE EXPERIENCE ETAL, S.L., podr\u00e1 publicar en \u00e9sta \u00faltima comentarios, enlaces, im\u00e1genes o fotograf\u00edas o cualquier otro tipo de contenido multimedia soportado por la Red Social. El usuario, en todos los casos, debe ser el titular de los mismos, gozar de los derechos de autor y de propiedad intelectual o contar con el consentimiento de los terceros afectados. Se<\/span><\/p>\n<p><span style=\"font-weight: 400;\">proh\u00edbe expresamente cualquier publicaci\u00f3n en la p\u00e1gina, ya sean textos, gr\u00e1ficos, fotograf\u00edas, v\u00eddeos, etc. que atenten o sean susceptibles de atentar contra la moral, la \u00e9tica, el buen gusto o el decoro, y\/o que infrinjan, violen o quebranten los derechos de propiedad intelectual o industrial, el derecho a la imagen o la Ley. En estos casos, LIVE EXPERIENCE ETAL, S.L. se reserva el derecho a retirar de inmediato el contenido, pudiendo solicitar el bloqueo permanente del usuario.<\/span><\/p>\n<p><span style=\"font-weight: 400;\">LIVE EXPERIENCE ETAL, S.L. no se har\u00e1 responsable de los contenidos que libremente ha publicado un usuario.<\/span><\/p>\n<p><span style=\"font-weight: 400;\">El usuario debe tener presente que sus publicaciones ser\u00e1n conocidas por los otros usuarios, por lo que \u00e9l mismo es el principal responsable de su privacidad.<\/span><\/p>\n<p><span style=\"font-weight: 400;\">Las im\u00e1genes que puedan publicarse en la p\u00e1gina no ser\u00e1n almacenadas en ning\u00fan sistema de tratamiento por parte de LIVE EXPERIENCE ETAL, S.L., pero s\u00ed que permanecer\u00e1n en la Red Social.<\/span><\/p>\n<p><span style=\"font-weight: 400;\">Concursos y promociones<\/span><\/p>\n<p><span style=\"font-weight: 400;\">LIVE EXPERIENCE ETAL, S.L. se reserva el derecho a realizar concursos y promociones, en los que podr\u00e1 participar el usuario unido a su p\u00e1gina. Las bases de cada uno de ellos, cuando se utilice para ello la plataforma de la Red Social, ser\u00e1n publicadas en la misma. Cumpliendo siempre con la LSSI-CE y con cualquier otra norma que le sea de aplicaci\u00f3n.<\/span><\/p>\n<p><span style=\"font-weight: 400;\">La Red Social no patrocina, avala ni administra, de modo alguno, ninguna de nuestras promociones, ni est\u00e1 asociada a ninguna de ellas.<\/span><\/p>\n<p><span style=\"font-weight: 400;\"> <\/span><\/p>\n<p><span style=\"font-weight: 400;\">Publicidad<\/span><\/p>\n<p><span style=\"font-weight: 400;\">LIVE EXPERIENCE ETAL, S.L. utilizar\u00e1 la Red Social para publicitar sus productos y servicios, en todo caso, si decide tratar sus datos de contacto para realizar acciones directas de prospecci\u00f3n comercial, ser\u00e1 siempre, cumpliendo con las exigencias legales de la RGPD y de la LSSI-CE.<\/span><\/p>\n<p><span style=\"font-weight: 400;\">No se considerar\u00e1 publicidad el hecho de recomendar a otros usuarios la p\u00e1gina de LIVE EXPERIENCE ETAL, S.L. para que tambi\u00e9n ellos puedan disfrutar de las promociones o estar informados de su actividad.<\/span><\/p>\n<p><span style=\"font-weight: 400;\">A continuaci\u00f3n detallamos el enlace a la pol\u00edtica de privacidad de la Red Social:<\/span><\/p>\n<ul>\n<li><a href=\"https:\/\/www.facebook.com\/help\/323540651073243\/\"><span style=\"font-weight: 400;\">Facebook<\/span><\/a><\/li>\n<li><a href=\"https:\/\/twitter.com\/privacy\"><span style=\"font-weight: 400;\">Twitter<\/span><\/a><\/li>\n<li><a href=\"http:\/\/instagram.com\/about\/legal\/privacy\/\"><span style=\"font-weight: 400;\">Instagram<\/span><\/a><\/li>\n<li><a href=\"http:\/\/www.linkedin.com\/legal\/privacy-policy?trk=hb_ft_priv\"><span style=\"font-weight: 400;\">Linkedin<\/span><\/a><\/li>\n<li><a href=\"http:\/\/www.google.com\/intl\/es\/policies\/privacy\/\">Google +<\/a><\/li>\n<\/ul>\n\t\t\t\t\t\t\t\t<\/div>\n\t\t\t\t<\/div>\n\t\t\t\t\t<\/div>\n\t\t<\/div>\n\t\t\t\t\t<\/div>\n\t\t<\/section>\n\t\t\t\t<\/div>\n\t\t","protected":false},"excerpt":{"rendered":"<p>Pol\u00edtica de cookies Una Cookie es un fichero que se descarga en su ordenador al acceder a determinadas p\u00e1ginas web. Las cookies permiten a una p\u00e1gina web, entre otras cosas, almacenar y recuperar informaci\u00f3n sobre los h\u00e1bitos de navegaci\u00f3n de un usuario o de su equipo y, dependiendo de la informaci\u00f3n que contenga y de [&hellip;]<\/p>\n","protected":false},"author":1,"featured_media":0,"parent":0,"menu_order":0,"comment_status":"closed","ping_status":"closed","template":"","meta":{"footnotes":""},"class_list":["post-48880","page","type-page","status-publish","hentry"],"_links":{"self":[{"href":"https:\/\/motogpbeats.motogp.com\/es\/wp-json\/wp\/v2\/pages\/48880","targetHints":{"allow":["GET"]}}],"collection":[{"href":"https:\/\/motogpbeats.motogp.com\/es\/wp-json\/wp\/v2\/pages"}],"about":[{"href":"https:\/\/motogpbeats.motogp.com\/es\/wp-json\/wp\/v2\/types\/page"}],"author":[{"embeddable":true,"href":"https:\/\/motogpbeats.motogp.com\/es\/wp-json\/wp\/v2\/users\/1"}],"replies":[{"embeddable":true,"href":"https:\/\/motogpbeats.motogp.com\/es\/wp-json\/wp\/v2\/comments?post=48880"}],"version-history":[{"count":8,"href":"https:\/\/motogpbeats.motogp.com\/es\/wp-json\/wp\/v2\/pages\/48880\/revisions"}],"predecessor-version":[{"id":49744,"href":"https:\/\/motogpbeats.motogp.com\/es\/wp-json\/wp\/v2\/pages\/48880\/revisions\/49744"}],"wp:attachment":[{"href":"https:\/\/motogpbeats.motogp.com\/es\/wp-json\/wp\/v2\/media?parent=48880"}],"curies":[{"name":"wp","href":"https:\/\/api.w.org\/{rel}","templated":true}]}}