{"id":48882,"date":"2023-08-30T09:47:46","date_gmt":"2023-08-30T07:47:46","guid":{"rendered":"https:\/\/motogpbeats.motogp.com\/politica-de-privacidad\/"},"modified":"2025-04-04T10:17:21","modified_gmt":"2025-04-04T08:17:21","slug":"politica-de-privacidad","status":"publish","type":"page","link":"https:\/\/motogpbeats.motogp.com\/es\/politica-de-privacidad\/","title":{"rendered":"Pol\u00edtica de privacidad"},"content":{"rendered":"\t\t<div data-elementor-type=\"wp-page\" data-elementor-id=\"48882\" class=\"elementor elementor-48882 elementor-3\" data-elementor-post-type=\"page\">\n\t\t\t\t\t\t<section class=\"elementor-section elementor-top-section elementor-element elementor-element-d9d21f0 elementor-section-boxed elementor-section-height-default elementor-section-height-default\" data-id=\"d9d21f0\" data-element_type=\"section\" data-settings=\"{&quot;background_background&quot;:&quot;classic&quot;}\">\n\t\t\t\t\t\t<div class=\"elementor-container elementor-column-gap-default\">\n\t\t\t\t\t<div class=\"elementor-column elementor-col-100 elementor-top-column elementor-element elementor-element-2239317\" data-id=\"2239317\" data-element_type=\"column\">\n\t\t\t<div class=\"elementor-widget-wrap elementor-element-populated\">\n\t\t\t\t\t\t<div class=\"elementor-element elementor-element-80ba655 elementor-widget elementor-widget-heading\" data-id=\"80ba655\" data-element_type=\"widget\" data-widget_type=\"heading.default\">\n\t\t\t\t<div class=\"elementor-widget-container\">\n\t\t\t\t\t<h2 class=\"elementor-heading-title elementor-size-default\">Pol\u00edtica de privacidad\n<\/h2>\t\t\t\t<\/div>\n\t\t\t\t<\/div>\n\t\t\t\t<div class=\"elementor-element elementor-element-2016d89 elementor-widget elementor-widget-heading\" data-id=\"2016d89\" data-element_type=\"widget\" data-widget_type=\"heading.default\">\n\t\t\t\t<div class=\"elementor-widget-container\">\n\t\t\t\t\t<h2 class=\"elementor-heading-title elementor-size-default\">1. Pol\u00edtica de Privacidad y Seguridad.\n<\/h2>\t\t\t\t<\/div>\n\t\t\t\t<\/div>\n\t\t\t\t<div class=\"elementor-element elementor-element-a0f9ed4 elementor-widget elementor-widget-text-editor\" data-id=\"a0f9ed4\" data-element_type=\"widget\" data-widget_type=\"text-editor.default\">\n\t\t\t\t<div class=\"elementor-widget-container\">\n\t\t\t\t\t\t\t\t\t<p><span style=\"font-weight: 400;\">La siguiente informaci\u00f3n sobre nuestra Pol\u00edtica de Privacidad refleja el compromiso de LIVE EXPERIENCE ETAL, S.L., por mantener y garantizar relaciones comerciales seguras mediante la protecci\u00f3n de los datos personales, garantizando el derecho a la privacidad de cada uno de los usuarios de nuestros servicios. En este documento explicamos c\u00f3mo utilizamos los datos personales de los usuarios del portal web.<\/span><\/p>\n\t\t\t\t\t\t\t\t<\/div>\n\t\t\t\t<\/div>\n\t\t\t\t<div class=\"elementor-element elementor-element-2acf025 elementor-widget elementor-widget-heading\" data-id=\"2acf025\" data-element_type=\"widget\" data-widget_type=\"heading.default\">\n\t\t\t\t<div class=\"elementor-widget-container\">\n\t\t\t\t\t<h2 class=\"elementor-heading-title elementor-size-default\">2. Definici\u00f3n de dato personal\n<\/h2>\t\t\t\t<\/div>\n\t\t\t\t<\/div>\n\t\t\t\t<div class=\"elementor-element elementor-element-410fcf8 elementor-widget elementor-widget-text-editor\" data-id=\"410fcf8\" data-element_type=\"widget\" data-widget_type=\"text-editor.default\">\n\t\t\t\t<div class=\"elementor-widget-container\">\n\t\t\t\t\t\t\t\t\t<p><span style=\"font-weight: 400;\">Como \u00abDato Personal\u00bb debemos entender cualquier informaci\u00f3n concerniente a una persona f\u00edsica identificada o identificable. Entre otros, se incluyen el nombre, apellidos, la direcci\u00f3n postal y electr\u00f3nica, as\u00ed como el n\u00famero de tel\u00e9fono.<\/span><\/p>\n\t\t\t\t\t\t\t\t<\/div>\n\t\t\t\t<\/div>\n\t\t\t\t<div class=\"elementor-element elementor-element-8b6b75c elementor-widget elementor-widget-heading\" data-id=\"8b6b75c\" data-element_type=\"widget\" data-widget_type=\"heading.default\">\n\t\t\t\t<div class=\"elementor-widget-container\">\n\t\t\t\t\t<h2 class=\"elementor-heading-title elementor-size-default\">3. Tratamientos y finalidades de los datos recogidos\n<\/h2>\t\t\t\t<\/div>\n\t\t\t\t<\/div>\n\t\t\t\t<div class=\"elementor-element elementor-element-47525f5 elementor-widget elementor-widget-text-editor\" data-id=\"47525f5\" data-element_type=\"widget\" data-widget_type=\"text-editor.default\">\n\t\t\t\t<div class=\"elementor-widget-container\">\n\t\t\t\t\t\t\t\t\t<p><span style=\"font-weight: 400;\">Cualquier dato personal que nos facilite al visitar cualquiera de nuestros portales web o con la instalaci\u00f3n de nuestra aplicaci\u00f3n m\u00f3vil, ser\u00e1 tratado de conformidad con las normas de protecci\u00f3n de datos y s\u00f3lo ser\u00e1n recogidos, tratados y utilizados para fines l\u00edcitos, leg\u00edtimos e informados. Por ello, detallamos todas las finalidades con las que utiliza datos personales LIVE EXPERIENCE ETAL, S.L. como responsable del tratamiento:<\/span><\/p>\n<p><span style=\"font-weight: 400;\">Por el env\u00edo de formularios de contacto o correos electr\u00f3nicos:<\/span><\/p>\n<p><span style=\"font-weight: 400;\">Finalidad: Poder responder a las consultas planteadas y ponerse en contacto con el usuario para resolver las dudas o cuestiones planteadas.<\/span><\/p>\n<p><span style=\"font-weight: 400;\">Legitimaci\u00f3n: La base leg\u00edtima con la que se tratar\u00e1n los datos reside en la ejecuci\u00f3n de las medidas precontractuales solicitadas y\/o el consentimiento prestado.<\/span><\/p>\n<p><span style=\"font-weight: 400;\">Plazos de conservaci\u00f3n: Los datos ser\u00e1n conservados durante el tiempo necesario para responder a las cuestiones planteadas.<\/span><\/p>\n<p><span style=\"font-weight: 400;\">Por la introducci\u00f3n del correo electr\u00f3nico para la suscripci\u00f3n al bolet\u00edn de noticias:<\/span><\/p>\n<p><span style=\"font-weight: 400;\">Finalidad: Remitirle las newsletters solicitadas, as\u00ed como remitirle informaci\u00f3n comercial sobre nuevos productos y servicios.<\/span><\/p>\n<p><span style=\"font-weight: 400;\">Legitimaci\u00f3n: La base leg\u00edtima con la que se tratar\u00e1n los datos reside en la ejecuci\u00f3n de las medidas precontractuales solicitadas y\/o el consentimiento prestado.<\/span><\/p>\n<\/p>\n<p><span style=\"font-weight: 400;\">Plazos de conservaci\u00f3n: Los datos ser\u00e1n conservados durante el tiempo necesario para responder a las cuestiones planteadas.<\/span><span style=\"color: var( --e-global-color-text ); font-family: var( --e-global-typography-text-font-family ), Sans-serif; background-color: var( --e-global-color-secondary ); font-size: 1rem;\"> <\/span><\/p>\n<p><span style=\"font-weight: 400;\">Por el registro como usuario:<\/span><\/p>\n<p><span style=\"font-weight: 400;\">Finalidad: Gestionar su acceso como usuario registrado y remitirle informaci\u00f3n comercial a trav\u00e9s de medios electr\u00f3nicos.<\/span><\/p>\n<p><span style=\"font-weight: 400;\">Legitimaci\u00f3n: La base leg\u00edtima con la que se tratar\u00e1n los datos reside en la ejecuci\u00f3n de las medidas precontractuales solicitadas.<\/span><\/p>\n<p><span style=\"font-weight: 400;\">Plazos de conservaci\u00f3n: Los datos ser\u00e1n conservados durante el tiempo necesario para cumplir con las obligaciones legales pertinentes, como por ejemplo, fiscales.<\/span><\/p>\n<p><span style=\"font-weight: 400;\">Por las transacciones:<\/span><\/p>\n<p><span style=\"font-weight: 400;\">Finalidad: Poder realizar las gestiones pertinentes de reserva a trav\u00e9s del portal web adem\u00e1s de remitirle informaci\u00f3n comercial a trav\u00e9s de medios electr\u00f3nicos.<\/span><\/p>\n<p><span style=\"font-weight: 400;\">Legitimaci\u00f3n: La base leg\u00edtima con la que se tratar\u00e1n los datos reside en la ejecuci\u00f3n de las medidas precontractuales solicitadas y\/o el consentimiento prestado.<\/span><\/p>\n<p><span style=\"font-weight: 400;\">Comunicaci\u00f3n de datos a terceros: Sus datos ser\u00e1n comunicados a las entidades bancarias para poder realizar las transacciones econ\u00f3micas pertinentes.<\/span><\/p>\n<p><span style=\"font-weight: 400;\">Plazos de conservaci\u00f3n: Los datos ser\u00e1n conservados durante el tiempo necesario para cumplir con las obligaciones legales pertinentes, como por ejemplo, fiscales.<\/span><\/p>\n<p><span style=\"font-weight: 400;\">Desde LIVE EXPERIENCE ETAL, S.L. informaremos a todos los usuarios el car\u00e1cter no obligatorio de la recogida de determinados datos de car\u00e1cter personal, salvo en los campos que se indique lo contrario. No obstante, la no cumplimentaci\u00f3n de dichos datos podr\u00e1 impedir a LIVE EXPERIENCE ETAL, S.L. prestar todos aquellos servicios vinculados a tales datos, liber\u00e1ndonos de toda responsabilidad por la no prestaci\u00f3n o prestaci\u00f3n incompleta de estos servicios.<\/span><\/p>\n<p><span style=\"font-weight: 400;\">Corresponde al usuario la obligaci\u00f3n de facilitar los datos de manera veraz y mantenerlos actualizados, por lo que LIVE EXPERIENCE ETAL, S.L. se reserva el derecho de excluir de los servicios y proceder a la cancelaci\u00f3n del servicio a todo usuario que haya facilitado datos falsos, sin perjuicio de las dem\u00e1s acciones que procedan en Derecho.<\/span><span style=\"color: var( --e-global-color-text ); font-family: var( --e-global-typography-text-font-family ), Sans-serif; background-color: var( --e-global-color-secondary ); font-size: 1rem;\"> <\/span><\/p>\n<p><span style=\"font-weight: 400;\">Sus datos personales NO ser\u00e1n comunicados a ninguna otra empresa sin su consentimiento expreso.<\/span><\/p>\n<p><span style=\"font-weight: 400;\">Es posible que compartamos su informaci\u00f3n personal con See Tickets (SEE Group Limited), \u00fanicamente para fines relacionados con el evento MotoGP \u2122 BEATS y siempre que nos haya dado su consentimiento a tal fin. De no ser as\u00ed, no compartiremos su informaci\u00f3n con prop\u00f3sitos de marketing ni con cualquier otro prop\u00f3sito<\/span><\/p>\n<\/p>\n<p><span style=\"font-weight: 400;\">sin su consentimiento (como parte del proceso de compra o reserva) salvo que sea exigido por la ley. En el caso de que haya dado su consentimiento expreso, See Tickets podr\u00eda utilizar su informaci\u00f3n para contactar con usted, con relaci\u00f3n al evento en concreto, u otros eventos relevantes en los que pudiese estar interesado, bas\u00e1ndose en su historial de compras.<\/span><\/p>\n\t\t\t\t\t\t\t\t<\/div>\n\t\t\t\t<\/div>\n\t\t\t\t<div class=\"elementor-element elementor-element-9248e20 elementor-widget elementor-widget-heading\" data-id=\"9248e20\" data-element_type=\"widget\" data-widget_type=\"heading.default\">\n\t\t\t\t<div class=\"elementor-widget-container\">\n\t\t\t\t\t<h2 class=\"elementor-heading-title elementor-size-default\">4. Seguridad de sus datos personales\n<\/h2>\t\t\t\t<\/div>\n\t\t\t\t<\/div>\n\t\t\t\t<div class=\"elementor-element elementor-element-2944ca1 elementor-widget elementor-widget-text-editor\" data-id=\"2944ca1\" data-element_type=\"widget\" data-widget_type=\"text-editor.default\">\n\t\t\t\t<div class=\"elementor-widget-container\">\n\t\t\t\t\t\t\t\t\t<p><span style=\"font-weight: 400;\">LIVE EXPERIENCE ETAL, S.L. tiene una preocupaci\u00f3n especial por garantizar la seguridad de sus datos personales. Sus datos son almacenados en nuestros sistemas de informaci\u00f3n, donde hemos adoptado e implantado medidas de seguridad, t\u00e9cnicas y organizativas, para prevenir cualquier p\u00e9rdida o uso no autorizado por terceros, por ejemplo, nuestros portales web utilizan protocolos de cifrado de datos https.<\/span><\/p>\n\t\t\t\t\t\t\t\t<\/div>\n\t\t\t\t<\/div>\n\t\t\t\t<div class=\"elementor-element elementor-element-e9c6dd6 elementor-widget elementor-widget-heading\" data-id=\"e9c6dd6\" data-element_type=\"widget\" data-widget_type=\"heading.default\">\n\t\t\t\t<div class=\"elementor-widget-container\">\n\t\t\t\t\t<h2 class=\"elementor-heading-title elementor-size-default\">5. Informaci\u00f3n sobre el uso de Cookies\n\n<\/h2>\t\t\t\t<\/div>\n\t\t\t\t<\/div>\n\t\t\t\t<div class=\"elementor-element elementor-element-5cf241e elementor-widget elementor-widget-text-editor\" data-id=\"5cf241e\" data-element_type=\"widget\" data-widget_type=\"text-editor.default\">\n\t\t\t\t<div class=\"elementor-widget-container\">\n\t\t\t\t\t\t\t\t\t<p><span style=\"font-weight: 400;\">Por el mero hecho de visitar el presente portal web o utilizar los servicios de LIVE EXPERIENCE ETAL, S.L. no queda registrado de forma autom\u00e1tica ning\u00fan dato de car\u00e1cter personal que identifique a un Usuario. Sin embargo, le informamos que durante la navegaci\u00f3n por el Sitio Web se utilizan \u00abcookies\u00bb, peque\u00f1os ficheros de datos que se generan en el ordenador del internauta y que nos permiten obtener la siguiente informaci\u00f3n anal\u00edtica:<\/span><\/p>\n<ol>\n<li><span style=\"font-weight: 400;\">a) La fecha y hora de acceso a la Web, permitiendo saber las horas de m\u00e1s afluencia, y hacer los ajustes precisos para evitar problemas de saturaci\u00f3n en nuestras horas punta.<\/span><\/li>\n<li><span style=\"font-weight: 400;\">b) El n\u00famero de visitantes diarios de cada secci\u00f3n, permitiendo conocer las \u00e1reas de m\u00e1s \u00e9xito y aumentar y mejorar su contenido, con el fin de que los usuarios obtengan un resultado m\u00e1s satisfactorio y mejorar el dise\u00f1o de los contenidos.<\/span><\/li>\n<li><span style=\"font-weight: 400;\">c) La fecha y hora de la \u00faltima vez que el usuario visit\u00f3 el Sitio Web para realizar estudios anal\u00edticos y estad\u00edsticos sobre el uso que tiene la web.<\/span><\/li>\n<li><span style=\"font-weight: 400;\">d) Elementos de seguridad que intervienen en el control de acceso a las \u00e1reas restringidas.<\/span><\/li>\n<\/ol>\n<p><span style=\"font-weight: 400;\">Para m\u00e1s informaci\u00f3n visite nuestra pol\u00edtica de cookies<\/span><\/p>\n\t\t\t\t\t\t\t\t<\/div>\n\t\t\t\t<\/div>\n\t\t\t\t<div class=\"elementor-element elementor-element-f1939bc elementor-widget elementor-widget-heading\" data-id=\"f1939bc\" data-element_type=\"widget\" data-widget_type=\"heading.default\">\n\t\t\t\t<div class=\"elementor-widget-container\">\n\t\t\t\t\t<h2 class=\"elementor-heading-title elementor-size-default\">6. Derechos de los usuarios.\n\n<\/h2>\t\t\t\t<\/div>\n\t\t\t\t<\/div>\n\t\t\t\t<div class=\"elementor-element elementor-element-93f43e9 elementor-widget elementor-widget-text-editor\" data-id=\"93f43e9\" data-element_type=\"widget\" data-widget_type=\"text-editor.default\">\n\t\t\t\t<div class=\"elementor-widget-container\">\n\t\t\t\t\t\t\t\t\t<p><span style=\"font-weight: 400;\">Todos los usuarios pueden ejercitar cualquiera de los derechos que les otorga la normativa de protecci\u00f3n de datos, como el derecho de acceso, rectificaci\u00f3n, limitaci\u00f3n del tratamiento, supresi\u00f3n, portabilidad de datos y oposici\u00f3n que le asisten dirigi\u00e9ndose por escrito a LIVE EXPERIENCE ETAL, S.L., sita en Via Augusta, 17, principal, 08006, Barcelona o enviando un correo electr\u00f3nico a jorjadoan@wearensn.com. En el caso de que considere oportuno, puede presentar una reclamaci\u00f3n ante la Agencia Espa\u00f1ola de Protecci\u00f3n de Datos para ejercer la tutela de sus derechos.<\/span><\/p>\n\t\t\t\t\t\t\t\t<\/div>\n\t\t\t\t<\/div>\n\t\t\t\t<div class=\"elementor-element elementor-element-f248b53 elementor-widget elementor-widget-heading\" data-id=\"f248b53\" data-element_type=\"widget\" data-widget_type=\"heading.default\">\n\t\t\t\t<div class=\"elementor-widget-container\">\n\t\t\t\t\t<h2 class=\"elementor-heading-title elementor-size-default\">7. \u00bfNo desea recibir informaci\u00f3n nuestra o desea revocar su consentimiento?\n\n<\/h2>\t\t\t\t<\/div>\n\t\t\t\t<\/div>\n\t\t\t\t<div class=\"elementor-element elementor-element-ff1be68 elementor-widget elementor-widget-text-editor\" data-id=\"ff1be68\" data-element_type=\"widget\" data-widget_type=\"text-editor.default\">\n\t\t\t\t<div class=\"elementor-widget-container\">\n\t\t\t\t\t\t\t\t\t<p><span style=\"font-weight: 400;\">Cualquier usuario puede oponerse al uso de su informaci\u00f3n para fines publicitarios, investigaciones de mercado o desarrollo de encuestas de satisfacci\u00f3n, as\u00ed como revocar su consentimiento en cualquier momento (sin efecto retroactivo). Para ello, deber\u00e1 enviar un correo electr\u00f3nico a la direcci\u00f3n jordijoan@wearensn.com . Cuando reciba publicidad por correo electr\u00f3nico, tambi\u00e9n podr\u00e1 oponer desde dicho correo electr\u00f3nico, pinchando en el enlace incluido en el mismo y siguiendo las instrucciones que le sean facilitadas.<\/span><\/p>\n\t\t\t\t\t\t\t\t<\/div>\n\t\t\t\t<\/div>\n\t\t\t\t<div class=\"elementor-element elementor-element-bc745aa elementor-widget elementor-widget-heading\" data-id=\"bc745aa\" data-element_type=\"widget\" data-widget_type=\"heading.default\">\n\t\t\t\t<div class=\"elementor-widget-container\">\n\t\t\t\t\t<h2 class=\"elementor-heading-title elementor-size-default\">8. Cambios en la Pol\u00edtica de Privacidad.\n\n<\/h2>\t\t\t\t<\/div>\n\t\t\t\t<\/div>\n\t\t\t\t<div class=\"elementor-element elementor-element-634aafc elementor-widget elementor-widget-text-editor\" data-id=\"634aafc\" data-element_type=\"widget\" data-widget_type=\"text-editor.default\">\n\t\t\t\t<div class=\"elementor-widget-container\">\n\t\t\t\t\t\t\t\t\t<p><span style=\"color: var( --e-global-color-text ); font-family: var( --e-global-typography-text-font-family ), Sans-serif; background-color: var( --e-global-color-secondary ); font-size: 1rem;\">Nuestra Pol\u00edtica de Privacidad podr\u00e1 sufrir actualizaciones, debidas a cambios y necesidades legales, as\u00ed como debidas a mejoras y cambios incluidos en la forma de ofrecer y prestar nuestros servicios y utilidades de la aplicaci\u00f3n. Por ello, le recomendamos que visite y acceda a nuestra Pol\u00edtica de Privacidad peri\u00f3dicamente, para poder tener acceso y conocer los \u00faltimos cambios que hayan podido ser incorporados. En caso de que dichos cambios guarden relaci\u00f3n con el consentimiento prestado por el usuario, en tal caso le ser\u00e1 enviada una notificaci\u00f3n independiente y por separado para recabarlo nuevamente.<\/span><\/p>\n<p><span style=\"font-weight: 400;\">Si durante la lectura le ha surgido alguna duda o cuesti\u00f3n sobre nuestra Pol\u00edtica de Privacidad o quiere ejercitar alg\u00fan derecho o acci\u00f3n relativa a sus datos personales, por favor p\u00f3ngase en contacto con nosotros en la siguiente direcci\u00f3n de correo electr\u00f3nico jordijoan@wearensn.com<\/span><\/p>\n\t\t\t\t\t\t\t\t<\/div>\n\t\t\t\t<\/div>\n\t\t\t\t\t<\/div>\n\t\t<\/div>\n\t\t\t\t\t<\/div>\n\t\t<\/section>\n\t\t\t\t<\/div>\n\t\t","protected":false},"excerpt":{"rendered":"<p>Pol\u00edtica de privacidad 1. Pol\u00edtica de Privacidad y Seguridad. La siguiente informaci\u00f3n sobre nuestra Pol\u00edtica de Privacidad refleja el compromiso de LIVE EXPERIENCE ETAL, S.L., por mantener y garantizar relaciones comerciales seguras mediante la protecci\u00f3n de los datos personales, garantizando el derecho a la privacidad de cada uno de los usuarios de nuestros servicios. En [&hellip;]<\/p>\n","protected":false},"author":1,"featured_media":0,"parent":0,"menu_order":0,"comment_status":"closed","ping_status":"open","template":"elementor_header_footer","meta":{"footnotes":""},"class_list":["post-48882","page","type-page","status-publish","hentry"],"_links":{"self":[{"href":"https:\/\/motogpbeats.motogp.com\/es\/wp-json\/wp\/v2\/pages\/48882","targetHints":{"allow":["GET"]}}],"collection":[{"href":"https:\/\/motogpbeats.motogp.com\/es\/wp-json\/wp\/v2\/pages"}],"about":[{"href":"https:\/\/motogpbeats.motogp.com\/es\/wp-json\/wp\/v2\/types\/page"}],"author":[{"embeddable":true,"href":"https:\/\/motogpbeats.motogp.com\/es\/wp-json\/wp\/v2\/users\/1"}],"replies":[{"embeddable":true,"href":"https:\/\/motogpbeats.motogp.com\/es\/wp-json\/wp\/v2\/comments?post=48882"}],"version-history":[{"count":8,"href":"https:\/\/motogpbeats.motogp.com\/es\/wp-json\/wp\/v2\/pages\/48882\/revisions"}],"predecessor-version":[{"id":49745,"href":"https:\/\/motogpbeats.motogp.com\/es\/wp-json\/wp\/v2\/pages\/48882\/revisions\/49745"}],"wp:attachment":[{"href":"https:\/\/motogpbeats.motogp.com\/es\/wp-json\/wp\/v2\/media?parent=48882"}],"curies":[{"name":"wp","href":"https:\/\/api.w.org\/{rel}","templated":true}]}}